{"id":67,"date":"2023-06-14T12:37:46","date_gmt":"2023-06-14T12:37:46","guid":{"rendered":"https:\/\/grammatik.islk.kuwi.tu-dortmund.de\/?page_id=67"},"modified":"2023-12-01T19:05:55","modified_gmt":"2023-12-01T19:05:55","slug":"grammatik-und-fachdidaktik","status":"publish","type":"page","link":"https:\/\/grammatik.islk.kuwi.tu-dortmund.de\/","title":{"rendered":"Linguistik des Deutschen: Grammatik und Fachdidaktik"},"content":{"rendered":"\n<div style=\"height:26px\" aria-hidden=\"true\" class=\"wp-block-spacer\"><\/div>\n\n\n\n<p class=\"has-text-align-left\"><strong><mark style=\"background-color:rgba(0, 0, 0, 0)\" class=\"has-inline-color has-custom-tu-orange-color\">In der Arbeitsgruppe Grammatik und Fachdidaktik forschen wir gemeinsam zu den \u00fcbergreifenden Themenbereichen Sprachstruktur, Grammatiktheorie, Sprachkontakt, Mehrsprachigkeit und Sprachdidaktik.<\/mark><\/strong><\/p>\n\n\n\n<p><\/p>\n\n\n\n<p><br>\u00dcber <a href=\"https:\/\/islk.kuwi.tu-dortmund.de\/arbeitsbereiche\/germanistik\/linguistik-des-deutschen\/linguistik-des-deutschen-grammatik-und-fachdidaktik\/forschung\/\" target=\"_blank\" rel=\"noreferrer noopener\"><mark style=\"background-color:rgba(0, 0, 0, 0)\" class=\"has-inline-color has-custom-tu-green-color\"><span style=\"text-decoration: underline;\">aktuelle Forschungspro<\/span><\/mark><\/a><a href=\"https:\/\/islk.kuwi.tu-dortmund.de\/arbeitsbereiche\/germanistik\/linguistik-des-deutschen\/linguistik-des-deutschen-grammatik-und-fachdidaktik\/forschung\/\"><mark style=\"background-color:rgba(0, 0, 0, 0)\" class=\"has-inline-color has-custom-tu-green-color\"><span style=\"text-decoration: underline;\">jekte<\/span><\/mark><\/a> unserer <a href=\"https:\/\/islk.kuwi.tu-dortmund.de\/arbeitsbereiche\/linguistik-des-deutschen-grammatik-und-fachdidaktik\/\" target=\"_blank\" rel=\"noreferrer noopener\"><mark style=\"background-color:rgba(0, 0, 0, 0)\" class=\"has-inline-color has-custom-tu-green-color\"><span style=\"text-decoration: underline;\">Arbeitsgrupp<\/span><\/mark><\/a><a href=\"https:\/\/islk.kuwi.tu-dortmund.de\/arbeitsbereiche\/linguistik-des-deutschen-grammatik-und-fachdidaktik\/\"><mark style=\"background-color:rgba(0, 0, 0, 0)\" class=\"has-inline-color has-custom-tu-green-color\"><span style=\"text-decoration: underline;\">e<\/span><\/mark><\/a> k\u00f6nnen Sie <a href=\"https:\/\/islk.kuwi.tu-dortmund.de\/arbeitsbereiche\/germanistik\/linguistik-des-deutschen\/linguistik-des-deutschen-grammatik-und-fachdidaktik\/forschung\/\" target=\"_blank\" rel=\"noreferrer noopener\"><mark style=\"background-color:rgba(0, 0, 0, 0)\" class=\"has-inline-color has-custom-tu-green-color\"><span style=\"text-decoration: underline;\">hier<\/span><\/mark><\/a> weitere Informationen finden.<br><br>Jetzt im Dezember m\u00f6chten wir Sie und euch zu einer t\u00e4glichen Mini-Portion Grammatik in unserem <strong>Linguistischen Adventskalender <\/strong>einladen! Vom 1. bis zum 24. Dezember wartet hinter jedem T\u00fcrchen eine kleine Nachdenk- und Ausprobieraufgabe zu einem grammatischen oder graphematischen Thema! <br><br><\/p>\n\n\n\n<p><\/p>\n\n\n\n<p><strong>Hier gehts zum <a href=\"https:\/\/grammatik.islk.kuwi.tu-dortmund.de\/index.php\/adventskalender-2023\/\" target=\"_blank\" rel=\"noreferrer noopener\"><mark style=\"background-color:rgba(0, 0, 0, 0)\" class=\"has-inline-color has-custom-tu-green-color\"><span style=\"text-decoration: underline;\">Adventskalender<\/span><\/mark><\/a> \u2013 viel Spa\u00df!<\/strong><\/p>\n\n\n\n<p><\/p>\n\n\n\n<p class=\"has-small-font-size\"><br>Der Kalender ist aus einem Seminarprojekt im Seminar &#8222;Grammatik und Grammatikvermittlung&#8220; im Sommersemester 2023 entstanden und wird hier zum ersten Mal ver\u00f6ffentlicht. Er richtet sich an Sch\u00fclerinnen und Sch\u00fcler der Primar- und Sekundarstufe 1 sowie an alle, die Lust auf Grammatik haben. Wir freuen uns \u00fcber Feedback! <\/p>\n\n\n\n<p class=\"has-small-font-size\"><br>F\u00fcr die technische und gestalterische Umsetzung geht ein ganz besonderer Dank an <strong>Sophie Bierbaum, Annika Dillhage<\/strong> und <strong>Damian Stier!<\/strong> <br><br><br><br> <\/p>\n\n\n\n<p><\/p>\n\n\n\n<p><\/p>\n\n\n\n<p><\/p>\n\n\n\n<p><\/p>\n\n\n\n<p><\/p>\n\n\n\n<p><\/p>\n","protected":false},"excerpt":{"rendered":"<p>In der Arbeitsgruppe Grammatik und Fachdidaktik forschen wir gemeinsam zu den \u00fcbergreifenden Themenbereichen Sprachstruktur, Grammatiktheorie, Sprachkontakt, Mehrsprachigkeit und Sprachdidaktik. \u00dcber aktuelle Forschungsprojekte unserer Arbeitsgruppe k\u00f6nnen Sie hier weitere Informationen finden. Jetzt im Dezember m\u00f6chten wir Sie und euch zu einer t\u00e4glichen Mini-Portion Grammatik in unserem Linguistischen Adventskalender einladen! Vom 1. bis zum 24. Dezember wartet [&hellip;]<\/p>\n","protected":false},"author":6,"featured_media":0,"parent":0,"menu_order":0,"comment_status":"closed","ping_status":"closed","template":"","meta":{"footnotes":""},"class_list":["post-67","page","type-page","status-publish","hentry"],"yoast_head":"<!-- This site is optimized with the Yoast SEO plugin v27.6 - https:\/\/yoast.com\/product\/yoast-seo-wordpress\/ -->\n<title>Linguistik des Deutschen: Grammatik und Fachdidaktik - Linguistik des Deutschen: Grammatik und Fachdidaktik<\/title>\n<meta name=\"robots\" content=\"index, follow, max-snippet:-1, max-image-preview:large, max-video-preview:-1\" \/>\n<link rel=\"canonical\" href=\"https:\/\/grammatik.islk.kuwi.tu-dortmund.de\/\" \/>\n<meta property=\"og:locale\" content=\"de_DE\" \/>\n<meta property=\"og:type\" content=\"article\" \/>\n<meta property=\"og:title\" content=\"Linguistik des Deutschen: Grammatik und Fachdidaktik - Linguistik des Deutschen: Grammatik und Fachdidaktik\" \/>\n<meta property=\"og:description\" content=\"In der Arbeitsgruppe Grammatik und Fachdidaktik forschen wir gemeinsam zu den \u00fcbergreifenden Themenbereichen Sprachstruktur, Grammatiktheorie, Sprachkontakt, Mehrsprachigkeit und Sprachdidaktik. \u00dcber aktuelle Forschungsprojekte unserer Arbeitsgruppe k\u00f6nnen Sie hier weitere Informationen finden. Jetzt im Dezember m\u00f6chten wir Sie und euch zu einer t\u00e4glichen Mini-Portion Grammatik in unserem Linguistischen Adventskalender einladen! Vom 1. bis zum 24. Dezember wartet [&hellip;]\" \/>\n<meta property=\"og:url\" content=\"https:\/\/grammatik.islk.kuwi.tu-dortmund.de\/\" \/>\n<meta property=\"og:site_name\" content=\"Linguistik des Deutschen: Grammatik und Fachdidaktik\" \/>\n<meta property=\"article:modified_time\" content=\"2023-12-01T19:05:55+00:00\" \/>\n<meta name=\"twitter:card\" content=\"summary_large_image\" \/>\n<meta name=\"twitter:label1\" content=\"Gesch\u00e4tzte Lesezeit\" \/>\n\t<meta name=\"twitter:data1\" content=\"1\u00a0Minute\" \/>\n<script type=\"application\/ld+json\" class=\"yoast-schema-graph\">{\"@context\":\"https:\\\/\\\/schema.org\",\"@graph\":[{\"@type\":\"WebPage\",\"@id\":\"https:\\\/\\\/grammatik.islk.kuwi.tu-dortmund.de\\\/\",\"url\":\"https:\\\/\\\/grammatik.islk.kuwi.tu-dortmund.de\\\/\",\"name\":\"Linguistik des Deutschen: Grammatik und Fachdidaktik - Linguistik des Deutschen: Grammatik und Fachdidaktik\",\"isPartOf\":{\"@id\":\"https:\\\/\\\/grammatik.islk.kuwi.tu-dortmund.de\\\/#website\"},\"datePublished\":\"2023-06-14T12:37:46+00:00\",\"dateModified\":\"2023-12-01T19:05:55+00:00\",\"breadcrumb\":{\"@id\":\"https:\\\/\\\/grammatik.islk.kuwi.tu-dortmund.de\\\/#breadcrumb\"},\"inLanguage\":\"de\",\"potentialAction\":[{\"@type\":\"ReadAction\",\"target\":[\"https:\\\/\\\/grammatik.islk.kuwi.tu-dortmund.de\\\/\"]}]},{\"@type\":\"BreadcrumbList\",\"@id\":\"https:\\\/\\\/grammatik.islk.kuwi.tu-dortmund.de\\\/#breadcrumb\",\"itemListElement\":[{\"@type\":\"ListItem\",\"position\":1,\"name\":\"Startseite\",\"item\":\"https:\\\/\\\/grammatik.islk.kuwi.tu-dortmund.de\\\/\"},{\"@type\":\"ListItem\",\"position\":2,\"name\":\"Linguistik des Deutschen: Grammatik und Fachdidaktik\"}]},{\"@type\":\"WebSite\",\"@id\":\"https:\\\/\\\/grammatik.islk.kuwi.tu-dortmund.de\\\/#website\",\"url\":\"https:\\\/\\\/grammatik.islk.kuwi.tu-dortmund.de\\\/\",\"name\":\"Linguistik des Deutschen: Grammatik und Fachdidaktik\",\"description\":\"Eine Seite rundum Sprachreflexion\",\"potentialAction\":[{\"@type\":\"SearchAction\",\"target\":{\"@type\":\"EntryPoint\",\"urlTemplate\":\"https:\\\/\\\/grammatik.islk.kuwi.tu-dortmund.de\\\/?s={search_term_string}\"},\"query-input\":{\"@type\":\"PropertyValueSpecification\",\"valueRequired\":true,\"valueName\":\"search_term_string\"}}],\"inLanguage\":\"de\"}]}<\/script>\n<!-- \/ Yoast SEO plugin. -->","yoast_head_json":{"title":"Linguistik des Deutschen: Grammatik und Fachdidaktik - Linguistik des Deutschen: Grammatik und Fachdidaktik","robots":{"index":"index","follow":"follow","max-snippet":"max-snippet:-1","max-image-preview":"max-image-preview:large","max-video-preview":"max-video-preview:-1"},"canonical":"https:\/\/grammatik.islk.kuwi.tu-dortmund.de\/","og_locale":"de_DE","og_type":"article","og_title":"Linguistik des Deutschen: Grammatik und Fachdidaktik - Linguistik des Deutschen: Grammatik und Fachdidaktik","og_description":"In der Arbeitsgruppe Grammatik und Fachdidaktik forschen wir gemeinsam zu den \u00fcbergreifenden Themenbereichen Sprachstruktur, Grammatiktheorie, Sprachkontakt, Mehrsprachigkeit und Sprachdidaktik. \u00dcber aktuelle Forschungsprojekte unserer Arbeitsgruppe k\u00f6nnen Sie hier weitere Informationen finden. Jetzt im Dezember m\u00f6chten wir Sie und euch zu einer t\u00e4glichen Mini-Portion Grammatik in unserem Linguistischen Adventskalender einladen! Vom 1. bis zum 24. Dezember wartet [&hellip;]","og_url":"https:\/\/grammatik.islk.kuwi.tu-dortmund.de\/","og_site_name":"Linguistik des Deutschen: Grammatik und Fachdidaktik","article_modified_time":"2023-12-01T19:05:55+00:00","twitter_card":"summary_large_image","twitter_misc":{"Gesch\u00e4tzte Lesezeit":"1\u00a0Minute"},"schema":{"@context":"https:\/\/schema.org","@graph":[{"@type":"WebPage","@id":"https:\/\/grammatik.islk.kuwi.tu-dortmund.de\/","url":"https:\/\/grammatik.islk.kuwi.tu-dortmund.de\/","name":"Linguistik des Deutschen: Grammatik und Fachdidaktik - Linguistik des Deutschen: Grammatik und Fachdidaktik","isPartOf":{"@id":"https:\/\/grammatik.islk.kuwi.tu-dortmund.de\/#website"},"datePublished":"2023-06-14T12:37:46+00:00","dateModified":"2023-12-01T19:05:55+00:00","breadcrumb":{"@id":"https:\/\/grammatik.islk.kuwi.tu-dortmund.de\/#breadcrumb"},"inLanguage":"de","potentialAction":[{"@type":"ReadAction","target":["https:\/\/grammatik.islk.kuwi.tu-dortmund.de\/"]}]},{"@type":"BreadcrumbList","@id":"https:\/\/grammatik.islk.kuwi.tu-dortmund.de\/#breadcrumb","itemListElement":[{"@type":"ListItem","position":1,"name":"Startseite","item":"https:\/\/grammatik.islk.kuwi.tu-dortmund.de\/"},{"@type":"ListItem","position":2,"name":"Linguistik des Deutschen: Grammatik und Fachdidaktik"}]},{"@type":"WebSite","@id":"https:\/\/grammatik.islk.kuwi.tu-dortmund.de\/#website","url":"https:\/\/grammatik.islk.kuwi.tu-dortmund.de\/","name":"Linguistik des Deutschen: Grammatik und Fachdidaktik","description":"Eine Seite rundum Sprachreflexion","potentialAction":[{"@type":"SearchAction","target":{"@type":"EntryPoint","urlTemplate":"https:\/\/grammatik.islk.kuwi.tu-dortmund.de\/?s={search_term_string}"},"query-input":{"@type":"PropertyValueSpecification","valueRequired":true,"valueName":"search_term_string"}}],"inLanguage":"de"}]}},"_links":{"self":[{"href":"https:\/\/grammatik.islk.kuwi.tu-dortmund.de\/index.php\/wp-json\/wp\/v2\/pages\/67","targetHints":{"allow":["GET"]}}],"collection":[{"href":"https:\/\/grammatik.islk.kuwi.tu-dortmund.de\/index.php\/wp-json\/wp\/v2\/pages"}],"about":[{"href":"https:\/\/grammatik.islk.kuwi.tu-dortmund.de\/index.php\/wp-json\/wp\/v2\/types\/page"}],"author":[{"embeddable":true,"href":"https:\/\/grammatik.islk.kuwi.tu-dortmund.de\/index.php\/wp-json\/wp\/v2\/users\/6"}],"replies":[{"embeddable":true,"href":"https:\/\/grammatik.islk.kuwi.tu-dortmund.de\/index.php\/wp-json\/wp\/v2\/comments?post=67"}],"version-history":[{"count":25,"href":"https:\/\/grammatik.islk.kuwi.tu-dortmund.de\/index.php\/wp-json\/wp\/v2\/pages\/67\/revisions"}],"predecessor-version":[{"id":590,"href":"https:\/\/grammatik.islk.kuwi.tu-dortmund.de\/index.php\/wp-json\/wp\/v2\/pages\/67\/revisions\/590"}],"wp:attachment":[{"href":"https:\/\/grammatik.islk.kuwi.tu-dortmund.de\/index.php\/wp-json\/wp\/v2\/media?parent=67"}],"curies":[{"name":"wp","href":"https:\/\/api.w.org\/{rel}","templated":true}]}}