{"id":229,"date":"2023-12-09T10:08:52","date_gmt":"2023-12-09T10:08:52","guid":{"rendered":"https:\/\/grammatik.islk.kuwi.tu-dortmund.de\/?page_id=229"},"modified":"2023-12-19T22:43:57","modified_gmt":"2023-12-19T22:43:57","slug":"topologisches-feldermodell","status":"publish","type":"page","link":"https:\/\/grammatik.islk.kuwi.tu-dortmund.de\/index.php\/topologisches-feldermodell\/","title":{"rendered":"Satzmodelle: Topologisches Feldermodell"},"content":{"rendered":"\n<p class=\"has-text-align-left\">In diesem Kalendert\u00fcrchen geht es noch einmal um Satzmodelle: heute um das <strong><mark style=\"background-color:rgba(0, 0, 0, 0)\" class=\"has-inline-color has-custom-tu-green-color\">Topologische Feldermodell<\/mark>.<\/strong> Dieses Satzmodell hei\u00dft &#8222;topologisch&#8220;, weil es die r\u00e4umliche Gliederung deutscher S\u00e4tze darstellt, z.B. die Reihenfolge der Satzbestandteile (Wortstellung). Im Folgenden wird der Aufbau dieses Modells kurz erkl\u00e4rt und an Beispielen veranschaulicht.<br><br><\/p>\n\n\n\n<p><strong>Ziel des Modells<\/strong>\u00a0<\/p>\n\n\n\n<p>Mithilfe des Feldermodells kann die lineare Struktur von deutschen S\u00e4tzen dargestellt werden. Dazu wird der Satz in Felder unterteilt. Anhand dieser Feldereinteilung kann man die Regelm\u00e4\u00dfigkeiten des Satzbaus leicht erkennen und man kann verschiedene Satztypen gut miteinander vergleichen.<br><br><\/p>\n\n\n\n<p><strong>Prinzip der Satzklammer (Verbstellung)<\/strong><\/p>\n\n\n\n<p>Im Deutschen gibt es zwei Verbpositionen im Satz: infinite Verben stehen immer am Satzende; finite Verben k\u00f6nnen \u2013 je nach Satztyp \u2013 entweder an zweiter oder an letzter Stelle im Satz stehen. Diese beiden Verbpositionen rahmen den Satz ein, sie umklammern ihn sozusagen. Sie bilden die <strong><mark style=\"background-color:rgba(0, 0, 0, 0)\" class=\"has-inline-color has-custom-tu-green-color\">Satzklammer<\/mark><\/strong>. Man unterscheidet zwischen dem klammer\u00f6ffnenden Teil (linke Satzklammerposition) und dem klammerschlie\u00dfenden Teil (rechte Satzklammerposition).<\/p>\n\n\n\n<ol class=\"wp-block-list\" style=\"list-style-type:1\">\n<li>Linke Satzklammerposition\u00a0&#8211;> nimmt in Haupts\u00e4tzen und uneingeleiteten Nebens\u00e4tzen das\u00a0finite Verb auf (= Verb ist konjugiert); in eingeleiteten Nebens\u00e4tzen steht hier das Einleitungselement (z.B. eine Konjunktion)<\/li>\n\n\n\n<li>Rechte Satzklammerposition\u00a0&#8211;> nimmt in Haupts\u00e4tzen das infinite Verb auf (= nicht konjugiert) und in eingeleiteten Nebens\u00e4tzen das infinite Verb und das finite Verb gemeinsam<\/li>\n<\/ol>\n\n\n\n<p><br><strong>Aufbau\u00a0des Feldermodells<\/strong><\/p>\n\n\n\n<p>Im Feldermodell gibt es in der Regel f\u00fcnf Felder:<\/p>\n\n\n\n<p>     &#8211; das Vorfeld (VF),<\/p>\n\n\n\n<p>     &#8211; die linke Satzklammerposition (LSK), <\/p>\n\n\n\n<p>     &#8211; das Mittelfeld (MF), <\/p>\n\n\n\n<p>     &#8211; die rechte Satzklammerposition (RSK) und <\/p>\n\n\n\n<p>     &#8211; das Nachfeld (NF). <\/p>\n\n\n\n<p><br>Die wichtigsten Felder sind, wie schon gesagt, die beiden Satzklammerpositionen (LSK und RSK). Hier befinden sich die Teile des Pr\u00e4dikats (das finite Verb und ggf. infinite Verben). Die Satzglieder (z.B. Subjekt, Objekte, Adverbialbestimmungen) ordnen sich um die beiden Satzklammerteile herum an \u2013 entweder davor (Vorfeld) oder dazwischen (Mittelfeld) oder danach (Nachfeld).<br><\/p>\n\n\n\n<p><br><strong>Besonderheiten bei der F\u00fcllung der Felder:\u00a0<\/strong><\/p>\n\n\n\n<ul class=\"wp-block-list\">\n<li>Das Vorfeld enth\u00e4lt in Aussages\u00e4tzen und Konstituentenfragen genau ein Satzglied.<\/li>\n\n\n\n<li>Nebens\u00e4tze nehmen in dem Satz, von dem sie ein Teil sind, ein topologisches Feld ein (Vorfeld, Nachfeld oder Mittelfeld).<\/li>\n\n\n\n<li>Nebens\u00e4tze haben selbst ebenfalls eine topologische Struktur, k\u00f6nnen also in Felder eingeteilt werden. Die Satzklammer wird in eingeleiteten Nebens\u00e4tzen durch das Einleitungselement in der LSK (z.B. Konjunktion) und das gesamte Pr\u00e4dikat in der RSK (finites Verb plus ggf. infinite Verben) gebildet. \u2013 F\u00fcr die Analyse eines Nebensatzes ist es praktisch, ihn in eine eigene Zeile in der Feldertabelle einzutragen.<\/li>\n\n\n\n<li>In Entscheidungsfrages\u00e4tzen und Imperativs\u00e4tzen ist das Vorfeld leer; der Satz beginnt also mit dem finiten Verb in der linken Satzklammerposition (LSK). <\/li>\n\n\n\n<li>In Konstituentenfrages\u00e4tzen ist das Vorfeld durch ein w-Fragewort gef\u00fcllt (z.B. <em>wer<\/em>, <em>wie<\/em>, <em>wo<\/em>, <em>wann<\/em> usw.). Das finite Verb folgt in der LSK.<\/li>\n\n\n\n<li>In Satzgef\u00fcgen mit nebengeordneten S\u00e4tzen (Hauptsatz + Hauptsatz) werden die verkn\u00fcpfenden Konjunktionen\u00a0(z.B. <em>und<\/em>,<em> oder<\/em>,<em> doch<\/em>,<em> aber<\/em>, <em>denn<\/em>, <em>sondern<\/em>)\u00a0in ein eigenes Feld nur f\u00fcr koordinierende Konjunktionen (KOORD) eingetragen.<br><br><\/li>\n<\/ul>\n\n\n\n<p><\/p>\n\n\n\n<figure class=\"wp-block-image alignleft size-large is-resized\"><img loading=\"lazy\" decoding=\"async\" width=\"1024\" height=\"560\" src=\"https:\/\/grammatik.islk.kuwi.tu-dortmund.de\/wp-content\/uploads\/2023\/12\/toplogisches_modell_aussagesatz-1024x560.jpg\" alt=\"\" class=\"wp-image-707\" style=\"width:938px;height:auto\" srcset=\"https:\/\/grammatik.islk.kuwi.tu-dortmund.de\/wp-content\/uploads\/2023\/12\/toplogisches_modell_aussagesatz-1024x560.jpg 1024w, https:\/\/grammatik.islk.kuwi.tu-dortmund.de\/wp-content\/uploads\/2023\/12\/toplogisches_modell_aussagesatz-300x164.jpg 300w, https:\/\/grammatik.islk.kuwi.tu-dortmund.de\/wp-content\/uploads\/2023\/12\/toplogisches_modell_aussagesatz-768x420.jpg 768w, https:\/\/grammatik.islk.kuwi.tu-dortmund.de\/wp-content\/uploads\/2023\/12\/toplogisches_modell_aussagesatz-50x27.jpg 50w, https:\/\/grammatik.islk.kuwi.tu-dortmund.de\/wp-content\/uploads\/2023\/12\/toplogisches_modell_aussagesatz-100x55.jpg 100w, https:\/\/grammatik.islk.kuwi.tu-dortmund.de\/wp-content\/uploads\/2023\/12\/toplogisches_modell_aussagesatz.jpg 1528w\" sizes=\"auto, (max-width: 1024px) 100vw, 1024px\" \/><\/figure>\n\n\n\n<figure class=\"wp-block-image alignleft size-large is-resized\"><img loading=\"lazy\" decoding=\"async\" width=\"1024\" height=\"309\" src=\"https:\/\/grammatik.islk.kuwi.tu-dortmund.de\/wp-content\/uploads\/2023\/12\/toplogisches_modell_haupt_nebensatz-1024x309.jpg\" alt=\"\" class=\"wp-image-706\" style=\"width:942px;height:auto\" srcset=\"https:\/\/grammatik.islk.kuwi.tu-dortmund.de\/wp-content\/uploads\/2023\/12\/toplogisches_modell_haupt_nebensatz-1024x309.jpg 1024w, https:\/\/grammatik.islk.kuwi.tu-dortmund.de\/wp-content\/uploads\/2023\/12\/toplogisches_modell_haupt_nebensatz-300x91.jpg 300w, https:\/\/grammatik.islk.kuwi.tu-dortmund.de\/wp-content\/uploads\/2023\/12\/toplogisches_modell_haupt_nebensatz-768x232.jpg 768w, https:\/\/grammatik.islk.kuwi.tu-dortmund.de\/wp-content\/uploads\/2023\/12\/toplogisches_modell_haupt_nebensatz-1536x464.jpg 1536w, https:\/\/grammatik.islk.kuwi.tu-dortmund.de\/wp-content\/uploads\/2023\/12\/toplogisches_modell_haupt_nebensatz-50x15.jpg 50w, https:\/\/grammatik.islk.kuwi.tu-dortmund.de\/wp-content\/uploads\/2023\/12\/toplogisches_modell_haupt_nebensatz-100x30.jpg 100w, https:\/\/grammatik.islk.kuwi.tu-dortmund.de\/wp-content\/uploads\/2023\/12\/toplogisches_modell_haupt_nebensatz.jpg 1665w\" sizes=\"auto, (max-width: 1024px) 100vw, 1024px\" \/><\/figure>\n\n\n\n<p><\/p>\n\n\n\n<div class=\"h5p-iframe-wrapper\"><iframe id=\"h5p-iframe-14\" class=\"h5p-iframe\" data-content-id=\"14\" style=\"height:1px\" src=\"about:blank\" frameBorder=\"0\" scrolling=\"no\" title=\"Topologisches Feldermodell\"><\/iframe><\/div>\n","protected":false},"excerpt":{"rendered":"<p>In diesem Kalendert\u00fcrchen geht es noch einmal um Satzmodelle: heute um das Topologische Feldermodell. Dieses Satzmodell hei\u00dft &#8222;topologisch&#8220;, weil es die r\u00e4umliche Gliederung deutscher S\u00e4tze darstellt, z.B. die Reihenfolge der Satzbestandteile (Wortstellung). Im Folgenden wird der Aufbau dieses Modells kurz erkl\u00e4rt und an Beispielen veranschaulicht. Ziel des Modells\u00a0 Mithilfe des Feldermodells kann die lineare Struktur [&hellip;]<\/p>\n","protected":false},"author":3,"featured_media":0,"parent":0,"menu_order":0,"comment_status":"closed","ping_status":"closed","template":"","meta":{"footnotes":""},"class_list":["post-229","page","type-page","status-publish","hentry"],"yoast_head":"<!-- This site is optimized with the Yoast SEO plugin v27.5 - https:\/\/yoast.com\/product\/yoast-seo-wordpress\/ -->\n<title>Satzmodelle: Topologisches Feldermodell - Linguistik des Deutschen: Grammatik und Fachdidaktik<\/title>\n<meta name=\"robots\" content=\"index, follow, max-snippet:-1, max-image-preview:large, max-video-preview:-1\" \/>\n<link rel=\"canonical\" href=\"https:\/\/grammatik.islk.kuwi.tu-dortmund.de\/index.php\/topologisches-feldermodell\/\" \/>\n<meta property=\"og:locale\" content=\"de_DE\" \/>\n<meta property=\"og:type\" content=\"article\" \/>\n<meta property=\"og:title\" content=\"Satzmodelle: Topologisches Feldermodell - Linguistik des Deutschen: Grammatik und Fachdidaktik\" \/>\n<meta property=\"og:description\" content=\"In diesem Kalendert\u00fcrchen geht es noch einmal um Satzmodelle: heute um das Topologische Feldermodell. Dieses Satzmodell hei\u00dft &#8222;topologisch&#8220;, weil es die r\u00e4umliche Gliederung deutscher S\u00e4tze darstellt, z.B. die Reihenfolge der Satzbestandteile (Wortstellung). Im Folgenden wird der Aufbau dieses Modells kurz erkl\u00e4rt und an Beispielen veranschaulicht. Ziel des Modells\u00a0 Mithilfe des Feldermodells kann die lineare Struktur [&hellip;]\" \/>\n<meta property=\"og:url\" content=\"https:\/\/grammatik.islk.kuwi.tu-dortmund.de\/index.php\/topologisches-feldermodell\/\" \/>\n<meta property=\"og:site_name\" content=\"Linguistik des Deutschen: Grammatik und Fachdidaktik\" \/>\n<meta property=\"article:modified_time\" content=\"2023-12-19T22:43:57+00:00\" \/>\n<meta property=\"og:image\" content=\"https:\/\/grammatik.islk.kuwi.tu-dortmund.de\/wp-content\/uploads\/2023\/12\/toplogisches_modell_aussagesatz-1024x560.jpg\" \/>\n<meta name=\"twitter:card\" content=\"summary_large_image\" \/>\n<meta name=\"twitter:label1\" content=\"Gesch\u00e4tzte Lesezeit\" \/>\n\t<meta name=\"twitter:data1\" content=\"3\u00a0Minuten\" \/>\n<script type=\"application\/ld+json\" class=\"yoast-schema-graph\">{\"@context\":\"https:\\\/\\\/schema.org\",\"@graph\":[{\"@type\":\"WebPage\",\"@id\":\"https:\\\/\\\/grammatik.islk.kuwi.tu-dortmund.de\\\/index.php\\\/topologisches-feldermodell\\\/\",\"url\":\"https:\\\/\\\/grammatik.islk.kuwi.tu-dortmund.de\\\/index.php\\\/topologisches-feldermodell\\\/\",\"name\":\"Satzmodelle: Topologisches Feldermodell - Linguistik des Deutschen: Grammatik und Fachdidaktik\",\"isPartOf\":{\"@id\":\"https:\\\/\\\/grammatik.islk.kuwi.tu-dortmund.de\\\/#website\"},\"primaryImageOfPage\":{\"@id\":\"https:\\\/\\\/grammatik.islk.kuwi.tu-dortmund.de\\\/index.php\\\/topologisches-feldermodell\\\/#primaryimage\"},\"image\":{\"@id\":\"https:\\\/\\\/grammatik.islk.kuwi.tu-dortmund.de\\\/index.php\\\/topologisches-feldermodell\\\/#primaryimage\"},\"thumbnailUrl\":\"https:\\\/\\\/grammatik.islk.kuwi.tu-dortmund.de\\\/wp-content\\\/uploads\\\/2023\\\/12\\\/toplogisches_modell_aussagesatz-1024x560.jpg\",\"datePublished\":\"2023-12-09T10:08:52+00:00\",\"dateModified\":\"2023-12-19T22:43:57+00:00\",\"breadcrumb\":{\"@id\":\"https:\\\/\\\/grammatik.islk.kuwi.tu-dortmund.de\\\/index.php\\\/topologisches-feldermodell\\\/#breadcrumb\"},\"inLanguage\":\"de\",\"potentialAction\":[{\"@type\":\"ReadAction\",\"target\":[\"https:\\\/\\\/grammatik.islk.kuwi.tu-dortmund.de\\\/index.php\\\/topologisches-feldermodell\\\/\"]}]},{\"@type\":\"ImageObject\",\"inLanguage\":\"de\",\"@id\":\"https:\\\/\\\/grammatik.islk.kuwi.tu-dortmund.de\\\/index.php\\\/topologisches-feldermodell\\\/#primaryimage\",\"url\":\"https:\\\/\\\/grammatik.islk.kuwi.tu-dortmund.de\\\/wp-content\\\/uploads\\\/2023\\\/12\\\/toplogisches_modell_aussagesatz.jpg\",\"contentUrl\":\"https:\\\/\\\/grammatik.islk.kuwi.tu-dortmund.de\\\/wp-content\\\/uploads\\\/2023\\\/12\\\/toplogisches_modell_aussagesatz.jpg\",\"width\":1528,\"height\":836},{\"@type\":\"BreadcrumbList\",\"@id\":\"https:\\\/\\\/grammatik.islk.kuwi.tu-dortmund.de\\\/index.php\\\/topologisches-feldermodell\\\/#breadcrumb\",\"itemListElement\":[{\"@type\":\"ListItem\",\"position\":1,\"name\":\"Startseite\",\"item\":\"https:\\\/\\\/grammatik.islk.kuwi.tu-dortmund.de\\\/\"},{\"@type\":\"ListItem\",\"position\":2,\"name\":\"Satzmodelle: Topologisches Feldermodell\"}]},{\"@type\":\"WebSite\",\"@id\":\"https:\\\/\\\/grammatik.islk.kuwi.tu-dortmund.de\\\/#website\",\"url\":\"https:\\\/\\\/grammatik.islk.kuwi.tu-dortmund.de\\\/\",\"name\":\"Linguistik des Deutschen: Grammatik und Fachdidaktik\",\"description\":\"Eine Seite rundum Sprachreflexion\",\"potentialAction\":[{\"@type\":\"SearchAction\",\"target\":{\"@type\":\"EntryPoint\",\"urlTemplate\":\"https:\\\/\\\/grammatik.islk.kuwi.tu-dortmund.de\\\/?s={search_term_string}\"},\"query-input\":{\"@type\":\"PropertyValueSpecification\",\"valueRequired\":true,\"valueName\":\"search_term_string\"}}],\"inLanguage\":\"de\"}]}<\/script>\n<!-- \/ Yoast SEO plugin. -->","yoast_head_json":{"title":"Satzmodelle: Topologisches Feldermodell - Linguistik des Deutschen: Grammatik und Fachdidaktik","robots":{"index":"index","follow":"follow","max-snippet":"max-snippet:-1","max-image-preview":"max-image-preview:large","max-video-preview":"max-video-preview:-1"},"canonical":"https:\/\/grammatik.islk.kuwi.tu-dortmund.de\/index.php\/topologisches-feldermodell\/","og_locale":"de_DE","og_type":"article","og_title":"Satzmodelle: Topologisches Feldermodell - Linguistik des Deutschen: Grammatik und Fachdidaktik","og_description":"In diesem Kalendert\u00fcrchen geht es noch einmal um Satzmodelle: heute um das Topologische Feldermodell. Dieses Satzmodell hei\u00dft &#8222;topologisch&#8220;, weil es die r\u00e4umliche Gliederung deutscher S\u00e4tze darstellt, z.B. die Reihenfolge der Satzbestandteile (Wortstellung). Im Folgenden wird der Aufbau dieses Modells kurz erkl\u00e4rt und an Beispielen veranschaulicht. Ziel des Modells\u00a0 Mithilfe des Feldermodells kann die lineare Struktur [&hellip;]","og_url":"https:\/\/grammatik.islk.kuwi.tu-dortmund.de\/index.php\/topologisches-feldermodell\/","og_site_name":"Linguistik des Deutschen: Grammatik und Fachdidaktik","article_modified_time":"2023-12-19T22:43:57+00:00","og_image":[{"url":"https:\/\/grammatik.islk.kuwi.tu-dortmund.de\/wp-content\/uploads\/2023\/12\/toplogisches_modell_aussagesatz-1024x560.jpg","type":"","width":"","height":""}],"twitter_card":"summary_large_image","twitter_misc":{"Gesch\u00e4tzte Lesezeit":"3\u00a0Minuten"},"schema":{"@context":"https:\/\/schema.org","@graph":[{"@type":"WebPage","@id":"https:\/\/grammatik.islk.kuwi.tu-dortmund.de\/index.php\/topologisches-feldermodell\/","url":"https:\/\/grammatik.islk.kuwi.tu-dortmund.de\/index.php\/topologisches-feldermodell\/","name":"Satzmodelle: Topologisches Feldermodell - Linguistik des Deutschen: Grammatik und Fachdidaktik","isPartOf":{"@id":"https:\/\/grammatik.islk.kuwi.tu-dortmund.de\/#website"},"primaryImageOfPage":{"@id":"https:\/\/grammatik.islk.kuwi.tu-dortmund.de\/index.php\/topologisches-feldermodell\/#primaryimage"},"image":{"@id":"https:\/\/grammatik.islk.kuwi.tu-dortmund.de\/index.php\/topologisches-feldermodell\/#primaryimage"},"thumbnailUrl":"https:\/\/grammatik.islk.kuwi.tu-dortmund.de\/wp-content\/uploads\/2023\/12\/toplogisches_modell_aussagesatz-1024x560.jpg","datePublished":"2023-12-09T10:08:52+00:00","dateModified":"2023-12-19T22:43:57+00:00","breadcrumb":{"@id":"https:\/\/grammatik.islk.kuwi.tu-dortmund.de\/index.php\/topologisches-feldermodell\/#breadcrumb"},"inLanguage":"de","potentialAction":[{"@type":"ReadAction","target":["https:\/\/grammatik.islk.kuwi.tu-dortmund.de\/index.php\/topologisches-feldermodell\/"]}]},{"@type":"ImageObject","inLanguage":"de","@id":"https:\/\/grammatik.islk.kuwi.tu-dortmund.de\/index.php\/topologisches-feldermodell\/#primaryimage","url":"https:\/\/grammatik.islk.kuwi.tu-dortmund.de\/wp-content\/uploads\/2023\/12\/toplogisches_modell_aussagesatz.jpg","contentUrl":"https:\/\/grammatik.islk.kuwi.tu-dortmund.de\/wp-content\/uploads\/2023\/12\/toplogisches_modell_aussagesatz.jpg","width":1528,"height":836},{"@type":"BreadcrumbList","@id":"https:\/\/grammatik.islk.kuwi.tu-dortmund.de\/index.php\/topologisches-feldermodell\/#breadcrumb","itemListElement":[{"@type":"ListItem","position":1,"name":"Startseite","item":"https:\/\/grammatik.islk.kuwi.tu-dortmund.de\/"},{"@type":"ListItem","position":2,"name":"Satzmodelle: Topologisches Feldermodell"}]},{"@type":"WebSite","@id":"https:\/\/grammatik.islk.kuwi.tu-dortmund.de\/#website","url":"https:\/\/grammatik.islk.kuwi.tu-dortmund.de\/","name":"Linguistik des Deutschen: Grammatik und Fachdidaktik","description":"Eine Seite rundum Sprachreflexion","potentialAction":[{"@type":"SearchAction","target":{"@type":"EntryPoint","urlTemplate":"https:\/\/grammatik.islk.kuwi.tu-dortmund.de\/?s={search_term_string}"},"query-input":{"@type":"PropertyValueSpecification","valueRequired":true,"valueName":"search_term_string"}}],"inLanguage":"de"}]}},"_links":{"self":[{"href":"https:\/\/grammatik.islk.kuwi.tu-dortmund.de\/index.php\/wp-json\/wp\/v2\/pages\/229","targetHints":{"allow":["GET"]}}],"collection":[{"href":"https:\/\/grammatik.islk.kuwi.tu-dortmund.de\/index.php\/wp-json\/wp\/v2\/pages"}],"about":[{"href":"https:\/\/grammatik.islk.kuwi.tu-dortmund.de\/index.php\/wp-json\/wp\/v2\/types\/page"}],"author":[{"embeddable":true,"href":"https:\/\/grammatik.islk.kuwi.tu-dortmund.de\/index.php\/wp-json\/wp\/v2\/users\/3"}],"replies":[{"embeddable":true,"href":"https:\/\/grammatik.islk.kuwi.tu-dortmund.de\/index.php\/wp-json\/wp\/v2\/comments?post=229"}],"version-history":[{"count":30,"href":"https:\/\/grammatik.islk.kuwi.tu-dortmund.de\/index.php\/wp-json\/wp\/v2\/pages\/229\/revisions"}],"predecessor-version":[{"id":726,"href":"https:\/\/grammatik.islk.kuwi.tu-dortmund.de\/index.php\/wp-json\/wp\/v2\/pages\/229\/revisions\/726"}],"wp:attachment":[{"href":"https:\/\/grammatik.islk.kuwi.tu-dortmund.de\/index.php\/wp-json\/wp\/v2\/media?parent=229"}],"curies":[{"name":"wp","href":"https:\/\/api.w.org\/{rel}","templated":true}]}}