{"id":176,"date":"2023-06-19T19:43:22","date_gmt":"2023-06-19T19:43:22","guid":{"rendered":"https:\/\/grammatik.islk.kuwi.tu-dortmund.de\/?page_id=176"},"modified":"2023-12-15T15:05:13","modified_gmt":"2023-12-15T15:05:13","slug":"adventskalender-2023","status":"publish","type":"page","link":"https:\/\/grammatik.islk.kuwi.tu-dortmund.de\/index.php\/adventskalender-2023\/","title":{"rendered":"Adventskalender 2023"},"content":{"rendered":"\n<p class=\"has-text-align-center has-vivid-red-color has-text-color has-large-font-size\"><strong>Herzlich willkommen beim Linguistischen Adventskalender 2023!<\/strong><\/p>\n\n\n\n<p class=\"has-small-font-size\"><\/p>\n\n\n\n<p class=\"has-small-font-size\"><br>Vom 1. bis zum 24. Dezember wartet hinter jedem T\u00fcrchen eine kleine Nachdenk- und Ausprobieraufgabe zu einem grammatischen oder graphematischen Thema! Diese t\u00e4gliche <strong>Mini-Portion Grammatik<\/strong> soll auf spielerische Weise mit der Struktur des Deutschen und den Mechanismen und Funktionen von sprachlichen Strukturen im Allgemeinen vertraut machen &#8211; <strong>von A wie <em>Adverbial&nbsp;<\/em>bis Z wie <em>Zweitstellung<\/em>. <\/strong><br><br>Vielleicht macht das ja auch Lust darauf, die Sprache bzw. die Sprachen, die euch und Sie umgeben, k\u00fcnftig etwas genauer zu beobachten und beim Unterhalten, Schreiben und Lesen besonders aufmerksam hinzuh\u00f6ren und hinzugucken.<br><br><\/p>\n\n\n\n<p class=\"has-small-font-size\"><\/p>\n\n\n\n<p class=\"has-small-font-size\">Der Kalender ist aus einem Seminarprojekt im Sommersemester 2023 mit Studierenden der Lehr\u00e4mter im Fach Deutsch und der Angewandten Sprachwissenschaften im Seminar &#8222;Grammatik und Grammatikvermittlung&#8220; entstanden und wird hier zum ersten Mal ver\u00f6ffentlicht. Er richtet sich an Sch\u00fclerinnen und Sch\u00fcler der Primar- und Sekundarstufe 1 sowie an alle, die Lust auf Grammatik haben. <\/p>\n\n\n\n<p class=\"has-small-font-size\">Wir freuen uns \u00fcber Feedback! Unter &#8222;Anregungen&#8220; gibt es daf\u00fcr ein Kontaktformular.<br><br><\/p>\n\n\n\n<p class=\"has-small-font-size\">F\u00fcr die technische und gestalterische Umsetzung geht ein ganz besonderer Dank an <strong>Sophie Bierbaum, Annika Dillhage<\/strong> und <strong>Damian Stier!<\/strong><\/p>\n\n\n\n<p class=\"has-small-font-size\"><\/p>\n\n\n\n<p class=\"has-text-align-center has-large-font-size\"><br><strong><mark style=\"background-color:rgba(0, 0, 0, 0)\" class=\"has-inline-color has-custom-tu-green-color\">Und nun viel Spa\u00df beim T\u00fcrchen\u00f6ffnen!<\/mark><\/strong><\/p>\n\n\n\n<p class=\"has-text-align-center has-small-font-size\"><sup>(Das Laden des Kalenders dauert 1-2 Minuten! Die Seite sollte jeden Tag aktualisiert werden.)<\/sup><br><\/p>\n\n\n\n<p class=\"has-small-font-size\"><\/p>\n\n\n\n<p class=\"has-small-font-size\"><br><div class=\"h5p-iframe-wrapper\"><iframe id=\"h5p-iframe-6\" class=\"h5p-iframe\" data-content-id=\"6\" style=\"height:1px\" src=\"about:blank\" frameBorder=\"0\" scrolling=\"no\" title=\"Adventskalender 2023\"><\/iframe><\/div><\/p>\n\n\n\n<p><\/p>\n","protected":false},"excerpt":{"rendered":"<p>Herzlich willkommen beim Linguistischen Adventskalender 2023! Vom 1. bis zum 24. Dezember wartet hinter jedem T\u00fcrchen eine kleine Nachdenk- und Ausprobieraufgabe zu einem grammatischen oder graphematischen Thema! Diese t\u00e4gliche Mini-Portion Grammatik soll auf spielerische Weise mit der Struktur des Deutschen und den Mechanismen und Funktionen von sprachlichen Strukturen im Allgemeinen vertraut machen &#8211; von A [&hellip;]<\/p>\n","protected":false},"author":3,"featured_media":0,"parent":0,"menu_order":0,"comment_status":"closed","ping_status":"closed","template":"","meta":{"footnotes":""},"class_list":["post-176","page","type-page","status-publish","hentry"],"yoast_head":"<!-- This site is optimized with the Yoast SEO plugin v27.6 - https:\/\/yoast.com\/product\/yoast-seo-wordpress\/ -->\n<title>Adventskalender 2023 - Linguistik des Deutschen: Grammatik und Fachdidaktik<\/title>\n<meta name=\"robots\" content=\"index, follow, max-snippet:-1, max-image-preview:large, max-video-preview:-1\" \/>\n<link rel=\"canonical\" href=\"https:\/\/grammatik.islk.kuwi.tu-dortmund.de\/index.php\/adventskalender-2023\/\" \/>\n<meta property=\"og:locale\" content=\"de_DE\" \/>\n<meta property=\"og:type\" content=\"article\" \/>\n<meta property=\"og:title\" content=\"Adventskalender 2023 - Linguistik des Deutschen: Grammatik und Fachdidaktik\" \/>\n<meta property=\"og:description\" content=\"Herzlich willkommen beim Linguistischen Adventskalender 2023! Vom 1. bis zum 24. Dezember wartet hinter jedem T\u00fcrchen eine kleine Nachdenk- und Ausprobieraufgabe zu einem grammatischen oder graphematischen Thema! Diese t\u00e4gliche Mini-Portion Grammatik soll auf spielerische Weise mit der Struktur des Deutschen und den Mechanismen und Funktionen von sprachlichen Strukturen im Allgemeinen vertraut machen &#8211; von A [&hellip;]\" \/>\n<meta property=\"og:url\" content=\"https:\/\/grammatik.islk.kuwi.tu-dortmund.de\/index.php\/adventskalender-2023\/\" \/>\n<meta property=\"og:site_name\" content=\"Linguistik des Deutschen: Grammatik und Fachdidaktik\" \/>\n<meta property=\"article:modified_time\" content=\"2023-12-15T15:05:13+00:00\" \/>\n<meta name=\"twitter:card\" content=\"summary_large_image\" \/>\n<meta name=\"twitter:label1\" content=\"Gesch\u00e4tzte Lesezeit\" \/>\n\t<meta name=\"twitter:data1\" content=\"2\u00a0Minuten\" \/>\n<script type=\"application\/ld+json\" class=\"yoast-schema-graph\">{\"@context\":\"https:\\\/\\\/schema.org\",\"@graph\":[{\"@type\":\"WebPage\",\"@id\":\"https:\\\/\\\/grammatik.islk.kuwi.tu-dortmund.de\\\/index.php\\\/adventskalender-2023\\\/\",\"url\":\"https:\\\/\\\/grammatik.islk.kuwi.tu-dortmund.de\\\/index.php\\\/adventskalender-2023\\\/\",\"name\":\"Adventskalender 2023 - Linguistik des Deutschen: Grammatik und Fachdidaktik\",\"isPartOf\":{\"@id\":\"https:\\\/\\\/grammatik.islk.kuwi.tu-dortmund.de\\\/#website\"},\"datePublished\":\"2023-06-19T19:43:22+00:00\",\"dateModified\":\"2023-12-15T15:05:13+00:00\",\"breadcrumb\":{\"@id\":\"https:\\\/\\\/grammatik.islk.kuwi.tu-dortmund.de\\\/index.php\\\/adventskalender-2023\\\/#breadcrumb\"},\"inLanguage\":\"de\",\"potentialAction\":[{\"@type\":\"ReadAction\",\"target\":[\"https:\\\/\\\/grammatik.islk.kuwi.tu-dortmund.de\\\/index.php\\\/adventskalender-2023\\\/\"]}]},{\"@type\":\"BreadcrumbList\",\"@id\":\"https:\\\/\\\/grammatik.islk.kuwi.tu-dortmund.de\\\/index.php\\\/adventskalender-2023\\\/#breadcrumb\",\"itemListElement\":[{\"@type\":\"ListItem\",\"position\":1,\"name\":\"Startseite\",\"item\":\"https:\\\/\\\/grammatik.islk.kuwi.tu-dortmund.de\\\/\"},{\"@type\":\"ListItem\",\"position\":2,\"name\":\"Adventskalender 2023\"}]},{\"@type\":\"WebSite\",\"@id\":\"https:\\\/\\\/grammatik.islk.kuwi.tu-dortmund.de\\\/#website\",\"url\":\"https:\\\/\\\/grammatik.islk.kuwi.tu-dortmund.de\\\/\",\"name\":\"Linguistik des Deutschen: Grammatik und Fachdidaktik\",\"description\":\"Eine Seite rundum Sprachreflexion\",\"potentialAction\":[{\"@type\":\"SearchAction\",\"target\":{\"@type\":\"EntryPoint\",\"urlTemplate\":\"https:\\\/\\\/grammatik.islk.kuwi.tu-dortmund.de\\\/?s={search_term_string}\"},\"query-input\":{\"@type\":\"PropertyValueSpecification\",\"valueRequired\":true,\"valueName\":\"search_term_string\"}}],\"inLanguage\":\"de\"}]}<\/script>\n<!-- \/ Yoast SEO plugin. -->","yoast_head_json":{"title":"Adventskalender 2023 - Linguistik des Deutschen: Grammatik und Fachdidaktik","robots":{"index":"index","follow":"follow","max-snippet":"max-snippet:-1","max-image-preview":"max-image-preview:large","max-video-preview":"max-video-preview:-1"},"canonical":"https:\/\/grammatik.islk.kuwi.tu-dortmund.de\/index.php\/adventskalender-2023\/","og_locale":"de_DE","og_type":"article","og_title":"Adventskalender 2023 - Linguistik des Deutschen: Grammatik und Fachdidaktik","og_description":"Herzlich willkommen beim Linguistischen Adventskalender 2023! Vom 1. bis zum 24. Dezember wartet hinter jedem T\u00fcrchen eine kleine Nachdenk- und Ausprobieraufgabe zu einem grammatischen oder graphematischen Thema! Diese t\u00e4gliche Mini-Portion Grammatik soll auf spielerische Weise mit der Struktur des Deutschen und den Mechanismen und Funktionen von sprachlichen Strukturen im Allgemeinen vertraut machen &#8211; von A [&hellip;]","og_url":"https:\/\/grammatik.islk.kuwi.tu-dortmund.de\/index.php\/adventskalender-2023\/","og_site_name":"Linguistik des Deutschen: Grammatik und Fachdidaktik","article_modified_time":"2023-12-15T15:05:13+00:00","twitter_card":"summary_large_image","twitter_misc":{"Gesch\u00e4tzte Lesezeit":"2\u00a0Minuten"},"schema":{"@context":"https:\/\/schema.org","@graph":[{"@type":"WebPage","@id":"https:\/\/grammatik.islk.kuwi.tu-dortmund.de\/index.php\/adventskalender-2023\/","url":"https:\/\/grammatik.islk.kuwi.tu-dortmund.de\/index.php\/adventskalender-2023\/","name":"Adventskalender 2023 - Linguistik des Deutschen: Grammatik und Fachdidaktik","isPartOf":{"@id":"https:\/\/grammatik.islk.kuwi.tu-dortmund.de\/#website"},"datePublished":"2023-06-19T19:43:22+00:00","dateModified":"2023-12-15T15:05:13+00:00","breadcrumb":{"@id":"https:\/\/grammatik.islk.kuwi.tu-dortmund.de\/index.php\/adventskalender-2023\/#breadcrumb"},"inLanguage":"de","potentialAction":[{"@type":"ReadAction","target":["https:\/\/grammatik.islk.kuwi.tu-dortmund.de\/index.php\/adventskalender-2023\/"]}]},{"@type":"BreadcrumbList","@id":"https:\/\/grammatik.islk.kuwi.tu-dortmund.de\/index.php\/adventskalender-2023\/#breadcrumb","itemListElement":[{"@type":"ListItem","position":1,"name":"Startseite","item":"https:\/\/grammatik.islk.kuwi.tu-dortmund.de\/"},{"@type":"ListItem","position":2,"name":"Adventskalender 2023"}]},{"@type":"WebSite","@id":"https:\/\/grammatik.islk.kuwi.tu-dortmund.de\/#website","url":"https:\/\/grammatik.islk.kuwi.tu-dortmund.de\/","name":"Linguistik des Deutschen: Grammatik und Fachdidaktik","description":"Eine Seite rundum Sprachreflexion","potentialAction":[{"@type":"SearchAction","target":{"@type":"EntryPoint","urlTemplate":"https:\/\/grammatik.islk.kuwi.tu-dortmund.de\/?s={search_term_string}"},"query-input":{"@type":"PropertyValueSpecification","valueRequired":true,"valueName":"search_term_string"}}],"inLanguage":"de"}]}},"_links":{"self":[{"href":"https:\/\/grammatik.islk.kuwi.tu-dortmund.de\/index.php\/wp-json\/wp\/v2\/pages\/176","targetHints":{"allow":["GET"]}}],"collection":[{"href":"https:\/\/grammatik.islk.kuwi.tu-dortmund.de\/index.php\/wp-json\/wp\/v2\/pages"}],"about":[{"href":"https:\/\/grammatik.islk.kuwi.tu-dortmund.de\/index.php\/wp-json\/wp\/v2\/types\/page"}],"author":[{"embeddable":true,"href":"https:\/\/grammatik.islk.kuwi.tu-dortmund.de\/index.php\/wp-json\/wp\/v2\/users\/3"}],"replies":[{"embeddable":true,"href":"https:\/\/grammatik.islk.kuwi.tu-dortmund.de\/index.php\/wp-json\/wp\/v2\/comments?post=176"}],"version-history":[{"count":16,"href":"https:\/\/grammatik.islk.kuwi.tu-dortmund.de\/index.php\/wp-json\/wp\/v2\/pages\/176\/revisions"}],"predecessor-version":[{"id":681,"href":"https:\/\/grammatik.islk.kuwi.tu-dortmund.de\/index.php\/wp-json\/wp\/v2\/pages\/176\/revisions\/681"}],"wp:attachment":[{"href":"https:\/\/grammatik.islk.kuwi.tu-dortmund.de\/index.php\/wp-json\/wp\/v2\/media?parent=176"}],"curies":[{"name":"wp","href":"https:\/\/api.w.org\/{rel}","templated":true}]}}