{"id":15,"date":"2023-06-12T09:12:57","date_gmt":"2023-06-12T09:12:57","guid":{"rendered":"https:\/\/grammatik.islk.kuwi.tu-dortmund.de\/?page_id=15"},"modified":"2023-06-14T12:37:31","modified_gmt":"2023-06-14T12:37:31","slug":"datenschutzerklaerung","status":"publish","type":"page","link":"https:\/\/grammatik.islk.kuwi.tu-dortmund.de\/index.php\/datenschutzerklaerung\/","title":{"rendered":"Datenschutzerkl\u00e4rung"},"content":{"rendered":"\n<pre class=\"wp-block-preformatted\"><strong>Allgemeine Vorbemerkungen<\/strong>\n\nDie TU Dortmund und ihr IT und Medien Centrum (ITMC) der Technischen Universit\u00e4t Dortmund nehmen den Schutz von personenbezogenen Daten sehr ernst. Wir verarbeiten personenbezogene Daten, die beim Besuch unserer Webseiten erhoben werden, unter Beachtung der geltenden datenschutzrechtlichen Bestimmungen. Es gelten insbesondere das Datenschutzgesetz NRW (DSG NRW), die Datenschutzgrundverordnung (DSGVO) und das Telemediengesetz.\n\n<strong>Kontaktdaten des Datenschutzbeauftragten<\/strong>\nDer Datenschutzbeauftragte des Verantwortlichen ist erreichbar unter:\ndatenschutzbeauftragter(@)tu-dortmund(.)de\n\nTU Dortmund\nDatenschutzbeauftragter\nAugust-Schmidt-Str. 4\n44227 Dortmund\nTelefon: 0231 755-2593\n<a href=\"mailto:datenschutzbeauftragter@tu-dortmund.de\" target=\"_blank\" rel=\"noreferrer noopener nofollow\">E-Mail senden<\/a>\n\n \n<strong>I Umfang der Verarbeitung personenbezogener Daten<\/strong>\n\nWir verarbeiten personenbezogene Daten unserer Nutzer grunds\u00e4tzlich nur, soweit dies zur Bereitstellung einer funktionsf\u00e4higen Website sowie unserer Inhalte und Leistungen erforderlich ist. Die Verarbeitung personenbezogener Daten unserer Nutzer erfolgt regelm\u00e4\u00dfig nur nach Einwilligung des Nutzers. Eine Ausnahme gilt in solchen F\u00e4llen, in denen eine vorherige Einholung einer Einwilligung aus tats\u00e4chlichen Gr\u00fcnden nicht m\u00f6glich ist und die Verarbeitung der Daten durch gesetzliche Vorschriften gestattet ist.\n \n<strong>II Datenl\u00f6schung und Speicherdauer<\/strong>\n\nDie personenbezogenen Daten der betroffenen Person werden gel\u00f6scht oder gesperrt, sobald der Zweck der Speicherung entf\u00e4llt. Eine Speicherung kann dar\u00fcber hinaus erfolgen, wenn dies durch den europ\u00e4ischen oder nationalen Gesetzgeber in unionsrechtlichen Verordnungen, Gesetzen oder sonstigen Vorschriften, denen der Verantwortliche unterliegt, vorgesehen wurde. Eine Sperrung oder L\u00f6schung der Daten erfolgt auch dann, wenn eine durch die genannten Normen vorgeschriebene Speicherfrist abl\u00e4uft, es sei denn, dass eine Erforderlichkeit zur weiteren Speicherung der Daten f\u00fcr einen Vertragsabschluss oder eine Vertragserf\u00fcllung besteht.\n\n<strong>III Bereitstellung der Website und Erstellung von Logfiles\n<\/strong>\n<strong>1. Beschreibung und Umfang der Datenverarbeitung<\/strong>\n\nBei jedem Aufruf unserer Internetseite erfasst unser System automatisiert Daten und Informationen vom Computersystem des aufrufenden Rechners.\n\nFolgende Daten werden hierbei erhoben:\n\n1. Informationen \u00fcber den Browsertyp und die verwendete Version\n2. Betriebssystem des Nutzers\n3. IP-Adresse des Nutzers\n4. Datum und Uhrzeit des Zugriffs\n\nDie Daten werden ebenfalls in den Logfiles unseres Systems gespeichert. Eine Speicherung dieser Daten zusammen mit anderen personenbezogenen Daten des Nutzers findet nicht statt.\n\n<strong>2. Zweck und Rechtsgrundlage f\u00fcr die Datenverarbeitung<\/strong>\n\nDie vor\u00fcbergehende Speicherung der IP-Adresse durch das System ist notwendig, um eine Auslieferung der Website an den Rechner des Nutzers zu erm\u00f6glichen. Hierf\u00fcr muss die IP-Adresse des Nutzers f\u00fcr die Dauer der Sitzung gespeichert bleiben. (Erforderlichkeit zur Erf\u00fcllung der Aufgabe der Hochschule Art. 6 Abs. 1 lit. e DSGVO)\n\nDie Speicherung in Logfiles erfolgt, um die Funktionsf\u00e4higkeit der Website sicherzustellen. Zudem dienen uns die Daten zur Optimierung der Website und zur Sicherstellung der Sicherheit unserer informationstechnischen Systeme. Eine Auswertung der Daten zu Marketingzwecken findet in diesem Zusammenhang nicht statt.  (Erforderlichkeit zur Erf\u00fcllung der Aufgabe der Hochschule Art. 6 Abs. 1 lit. e DSGVO)\n\n<strong>3. Dauer der Speicherung<\/strong>\n\nDie Verarbeitung findet w\u00e4hrend der Nutzung bis zum Ende der jeweiligen Sitzung statt.\n\nIm Falle der Speicherung der Daten in Logfiles ist dies nach sp\u00e4testens 24 Stunden der Fall. Danach sind die IP-Adressen der Nutzer anonymisiert, sodass eine Zuordnung des aufrufenden Clients nicht mehr m\u00f6glich ist.\n \n<strong>IV Webanalyse\n<\/strong>\nUmfang der Verarbeitung personenbezogener Daten\n\nDie TU Dortmund nutzt das Open-Source-Software-Tool Matomo (ehemals PIWIK), um ihre Webseiten durch Analyse des Surfverhaltens ihrer Nutzerinnen und Nutzer zu verbessern.\n\nDie Software ordnet die Online-Aktivit\u00e4ten per Digital Fingerprint einer einzelnen Browser-Sitzung zu und l\u00f6scht diese nach 24 Stunden. Matomo setzt keine Cookies.\n\nWerden Einzelseiten unserer Website aufgerufen, so werden folgende Daten gespeichert:\n\n        \u2022 Zwei Bytes der IP-Adresse des aufrufenden Systems der Nutzerin\/des Nutzers\n        \u2022 Die aufgerufene Webseite\n        \u2022 Die Website, von der der Nutzer auf die aufgerufene Webseite gelangt ist (Referrer)\n        \u2022 Die Unterseiten, die von der aufgerufenen Webseite aus aufgerufen werden\n        \u2022 Die Verweildauer auf der Webseite\n        \u2022 Welcher Browser mit welchen Plugins, welches Betriebssystem und welche Bildschirmaufl\u00f6sung genutzt wird\nDie Software l\u00e4uft dabei ausschlie\u00dflich auf den Servern der Website der TU Dortmund. Eine Speicherung der personenbezogenen Daten der Nutzerinnen und Nutzer findet nur dort statt. Eine Weitergabe der Daten an Dritte erfolgt nicht.\n\n<strong>Datenerfassung unterbinden<\/strong>\n\nDie Aufzeichnung der Daten in der oben beschriebenen Weise k\u00f6nnen Sie folgenderma\u00dfen unterbinden:\n\nSie k\u00f6nnen die Einstellung \u201eDo-not-Track\u201c in Ihrem Browser aktivieren. Unser Matomo-System ist so konfiguriert, dass es diese Einstellung respektiert.\n\n<strong>V Einsatz von YouTube-Videos<\/strong>\n\nWir bieten Nutzern auf unserer Webseite die M\u00f6glichkeit, ausgew\u00e4hlte Videos von YouTube direkt auf der Seite anzuschauen. Zum Schutz der Nutzerdaten wird erst durch Anklicken eines Links eine Verbindung zu YouTube hergestellt und das Video gestartet. Erst dann werden Daten an den Anbieter gesendet. Sofern Sie den Link nicht anklicken, findet keinerlei Austausch zwischen dem Nutzer und YouTube statt. Informationen \u00fcber die Erhebung und Verwendung Ihrer Daten bei YouTube finden Sie hier: https:\/\/policies.google.com\/privacy?hl=de&amp;gl=de\n\n<strong>VI Kontakt-\/Anregungsformulare und E-Mail-Kontakt<\/strong>\n\n<strong>1. Beschreibung und Umfang der Datenverarbeitung\n<\/strong>\nIn den Webauftritten der TU Dortmund gibt es Kontakt-\/Anregungsformulare, die f\u00fcr die elektronische Kontaktaufnahme genutzt werden k\u00f6nnen. Nimmt ein Nutzer diese M\u00f6glichkeit wahr, so werden die in der Eingabemaske eingegeben Daten an uns \u00fcbermittelt und gespeichert.\n\nNach der Absendung des Formulars werden zudem folgende Daten gespeichert:\n\n                \u2022 Datum und Uhrzeit\n                \u2022 URL, von der aus das Kontaktformular abgesendet wurde\n\nF\u00fcr die Verarbeitung der Daten wird im Rahmen des Absendevorgangs eine Einwilligung eingeholt und auf diese Datenschutzerkl\u00e4rung verwiesen.\n\nAlternativ ist eine Kontaktaufnahme \u00fcber bereitgestellte E-Mail-Adressen m\u00f6glich. In diesem Fall werden die mit der E-Mail \u00fcbermittelten personenbezogenen Daten des Nutzers gespeichert.\n\nEs erfolgt in diesem Zusammenhang keine Weitergabe der Daten an Dritte. Die Daten werden ausschlie\u00dflich f\u00fcr die Verarbeitung der Konversation verwendet.\n\n<strong>2. Zweck der Datenverarbeitung und Rechtsgrundlage<\/strong>\n\nDie Verarbeitung der personenbezogenen Daten aus der Eingabemaske dient uns allein zur Bearbeitung der Kontaktaufnahme. Im Falle einer Kontaktaufnahme per E-Mail liegt hieran auch das erforderliche berechtigte Interesse an der Verarbeitung der Daten.\n\nRechtsgrundlage f\u00fcr die Verarbeitung der Daten ist bei Vorliegen einer Einwilligung des Nutzers Art. 6 Abs. 1 lit. a DSGVO. Rechtsgrundlage f\u00fcr die Verarbeitung der Daten, die im Zuge einer \u00dcbersendung einer E-Mail \u00fcbermittelt werden, ist Art. 6 Abs. 1 lit. e DSGVO.\n\n<strong>3. Dauer der Speicherung<\/strong>\n\nDie Daten werden gel\u00f6scht, sobald sie f\u00fcr die Erreichung des Zweckes ihrer Erhebung nicht mehr erforderlich sind. F\u00fcr die personenbezogenen Daten aus der Eingabemaske des Kontaktformulars und diejenigen, die per E-Mail \u00fcbersandt wurden, ist dies dann der Fall, wenn die jeweilige Konversation mit dem Nutzer beendet ist. Beendet ist die Konversation dann, wenn sich aus den Umst\u00e4nden entnehmen l\u00e4sst, dass der betroffene Sachverhalt abschlie\u00dfend gekl\u00e4rt ist.\n\n <strong>VII Rechte der betroffenen Person<\/strong>\n\nWerden personenbezogene Daten von Ihnen verarbeitet, sind Sie betroffene Person i.S.d. DSGVO und es stehen Ihnen folgende Rechte gegen\u00fcber dem Verantwortlichen zu:\n\nWenn sie ihre Rechte in Anspruch nehmen wollen, wenden Sie sich bitte an den Datenschutzbeauftragten der TU Dortmund. \n\n<strong>1. Auskunft (Art 15 DSGVO)<\/strong>\n\nSie haben das Recht auf Auskunft \u00fcber Sie betreffende personenbezogene Daten, die erhoben, verarbeitet oder ggf. an Dritte \u00fcbermittelt werden.\n\n<strong>2. Widerspruch (Art. 21 DSGVO)<\/strong>\nSie haben das Recht gegen die Verarbeitung Ihrer personenbezogenen Daten Widerspruch einzulegen, soweit die Verarbeitung auf der Grundlage von Art. 6 (1) e oder f DSGVO erfolgt.\n\n<strong>3. L\u00f6schung (Art 17 DSGVO)<\/strong>\nInsbesondere nach Ablauf der gesetzlich vorgeschriebenen Aufbewahrungsfristen haben Sie ein Recht auf L\u00f6schung Ihrer Daten.\n\n<strong>4. Einschr\u00e4nkung der Verarbeitung (Art 18 DSGVO)<\/strong>\n\nIn besonderen F\u00e4llen haben Sie das Recht auf Einschr\u00e4nkung der Verarbeitung. Dies ist dann der Fall, wenn die Datenverarbeitung unrechtm\u00e4\u00dfig sein sollte, Sie die Richtigkeit der erhobenen Daten bestreiten oder ein Widerspruch gegen die Verarbeitung eingelegt haben. Ebenso k\u00f6nnen Sie eine Einschr\u00e4nkung der Verarbeitung verlangen, wenn die Daten aufgrund der Zweckerreichung einer L\u00f6schpflicht unterliegen, Sie sie jedoch zur Geltendmachung von rechtlichen Anspr\u00fcchen ben\u00f6tigen. Eine Einschr\u00e4nkung der Verarbeitung m\u00fcssen Sie beantragen.\n\n<strong>5. Berichtigung (Art 16 DSGVO)<\/strong>\nSie haben das Recht auf Berichtigung unrichtiger personenbezogener Daten.\n\n<strong>6. Recht auf Widerruf der datenschutzrechtlichen Einwilligungserkl\u00e4rung (Art 7 DSGVO)<\/strong>\n\nSie haben das Recht, Ihre datenschutzrechtliche Einwilligungserkl\u00e4rung jederzeit zu widerrufen. Durch den Widerruf der Einwilligung wird die Rechtm\u00e4\u00dfigkeit der aufgrund der Einwilligung bis zum Widerruf erfolgten Verarbeitung nicht ber\u00fchrt.\n\n<strong>7. Recht auf Beschwerde bei einer Aufsichtsbeh\u00f6rde<\/strong>\n\nSie k\u00f6nnen sich jederzeit mit allen Fragen zum Datenschutz und um sich zu beschweren an eine Datenschutzaufsichtsbeh\u00f6rde wenden. Zust\u00e4ndig ist in unserem Fall die Landesbeauftragte f\u00fcr Datenschutz und Informationsfreiheit in Nordrhein-Westfalen.\n\nBitte beachten Sie, dass diese Datenschutzerkl\u00e4rung nicht f\u00fcr alle Teile des Internetauftritts der TU Dortmund gilt.\n\nName und Anschrift des Verantwortlichen\n\nDer Verantwortliche im Sinne der Datenschutz-Grundverordnung und anderer nationaler Datenschutzgesetze der Mitgliedsstaaten sowie sonstiger datenschutzrechtlicher Bestimmungen ist die:\n\nTU Dortmund\nDer Rektor\nTechnische Universit\u00e4t Dortmund\nAugust-Schmidt-Stra\u00dfe 4\n44227 Dortmund \nTelefon: 0231 755-1<\/pre>\n","protected":false},"excerpt":{"rendered":"<p>Allgemeine Vorbemerkungen Die TU Dortmund und ihr IT und Medien Centrum (ITMC) der Technischen Universit\u00e4t Dortmund nehmen den Schutz von personenbezogenen Daten sehr ernst. Wir verarbeiten personenbezogene Daten, die beim Besuch unserer Webseiten erhoben werden, unter Beachtung der geltenden datenschutzrechtlichen Bestimmungen. Es gelten insbesondere das Datenschutzgesetz NRW (DSG NRW), die Datenschutzgrundverordnung (DSGVO) und das Telemediengesetz. [&hellip;]<\/p>\n","protected":false},"author":6,"featured_media":0,"parent":0,"menu_order":0,"comment_status":"closed","ping_status":"closed","template":"","meta":{"footnotes":""},"class_list":["post-15","page","type-page","status-publish","hentry"],"yoast_head":"<!-- This site is optimized with the Yoast SEO plugin v27.4 - https:\/\/yoast.com\/product\/yoast-seo-wordpress\/ -->\n<title>Datenschutzerkl\u00e4rung - Linguistik des Deutschen: Grammatik und Fachdidaktik<\/title>\n<meta name=\"description\" content=\"Erfahre auf dieser Seite alles rundum den Datenschutz auf der Seite Grammatik am Institut f\u00fcr Sprache, Literatur und Kultur.\" \/>\n<meta name=\"robots\" content=\"index, follow, max-snippet:-1, max-image-preview:large, max-video-preview:-1\" \/>\n<link rel=\"canonical\" href=\"https:\/\/grammatik.islk.kuwi.tu-dortmund.de\/index.php\/datenschutzerklaerung\/\" \/>\n<meta property=\"og:locale\" content=\"de_DE\" \/>\n<meta property=\"og:type\" content=\"article\" \/>\n<meta property=\"og:title\" content=\"Datenschutzerkl\u00e4rung - Linguistik des Deutschen: Grammatik und Fachdidaktik\" \/>\n<meta property=\"og:description\" content=\"Erfahre auf dieser Seite alles rundum den Datenschutz auf der Seite Grammatik am Institut f\u00fcr Sprache, Literatur und Kultur.\" \/>\n<meta property=\"og:url\" content=\"https:\/\/grammatik.islk.kuwi.tu-dortmund.de\/index.php\/datenschutzerklaerung\/\" \/>\n<meta property=\"og:site_name\" content=\"Linguistik des Deutschen: Grammatik und Fachdidaktik\" \/>\n<meta property=\"article:modified_time\" content=\"2023-06-14T12:37:31+00:00\" \/>\n<meta name=\"twitter:card\" content=\"summary_large_image\" \/>\n<script type=\"application\/ld+json\" class=\"yoast-schema-graph\">{\"@context\":\"https:\\\/\\\/schema.org\",\"@graph\":[{\"@type\":\"WebPage\",\"@id\":\"https:\\\/\\\/grammatik.islk.kuwi.tu-dortmund.de\\\/index.php\\\/datenschutzerklaerung\\\/\",\"url\":\"https:\\\/\\\/grammatik.islk.kuwi.tu-dortmund.de\\\/index.php\\\/datenschutzerklaerung\\\/\",\"name\":\"Datenschutzerkl\u00e4rung - Linguistik des Deutschen: Grammatik und Fachdidaktik\",\"isPartOf\":{\"@id\":\"https:\\\/\\\/grammatik.islk.kuwi.tu-dortmund.de\\\/#website\"},\"datePublished\":\"2023-06-12T09:12:57+00:00\",\"dateModified\":\"2023-06-14T12:37:31+00:00\",\"description\":\"Erfahre auf dieser Seite alles rundum den Datenschutz auf der Seite Grammatik am Institut f\u00fcr Sprache, Literatur und Kultur.\",\"breadcrumb\":{\"@id\":\"https:\\\/\\\/grammatik.islk.kuwi.tu-dortmund.de\\\/index.php\\\/datenschutzerklaerung\\\/#breadcrumb\"},\"inLanguage\":\"de\",\"potentialAction\":[{\"@type\":\"ReadAction\",\"target\":[\"https:\\\/\\\/grammatik.islk.kuwi.tu-dortmund.de\\\/index.php\\\/datenschutzerklaerung\\\/\"]}]},{\"@type\":\"BreadcrumbList\",\"@id\":\"https:\\\/\\\/grammatik.islk.kuwi.tu-dortmund.de\\\/index.php\\\/datenschutzerklaerung\\\/#breadcrumb\",\"itemListElement\":[{\"@type\":\"ListItem\",\"position\":1,\"name\":\"Startseite\",\"item\":\"https:\\\/\\\/grammatik.islk.kuwi.tu-dortmund.de\\\/\"},{\"@type\":\"ListItem\",\"position\":2,\"name\":\"Datenschutzerkl\u00e4rung\"}]},{\"@type\":\"WebSite\",\"@id\":\"https:\\\/\\\/grammatik.islk.kuwi.tu-dortmund.de\\\/#website\",\"url\":\"https:\\\/\\\/grammatik.islk.kuwi.tu-dortmund.de\\\/\",\"name\":\"Linguistik des Deutschen: Grammatik und Fachdidaktik\",\"description\":\"Eine Seite rundum Sprachreflexion\",\"potentialAction\":[{\"@type\":\"SearchAction\",\"target\":{\"@type\":\"EntryPoint\",\"urlTemplate\":\"https:\\\/\\\/grammatik.islk.kuwi.tu-dortmund.de\\\/?s={search_term_string}\"},\"query-input\":{\"@type\":\"PropertyValueSpecification\",\"valueRequired\":true,\"valueName\":\"search_term_string\"}}],\"inLanguage\":\"de\"}]}<\/script>\n<!-- \/ Yoast SEO plugin. -->","yoast_head_json":{"title":"Datenschutzerkl\u00e4rung - Linguistik des Deutschen: Grammatik und Fachdidaktik","description":"Erfahre auf dieser Seite alles rundum den Datenschutz auf der Seite Grammatik am Institut f\u00fcr Sprache, Literatur und Kultur.","robots":{"index":"index","follow":"follow","max-snippet":"max-snippet:-1","max-image-preview":"max-image-preview:large","max-video-preview":"max-video-preview:-1"},"canonical":"https:\/\/grammatik.islk.kuwi.tu-dortmund.de\/index.php\/datenschutzerklaerung\/","og_locale":"de_DE","og_type":"article","og_title":"Datenschutzerkl\u00e4rung - Linguistik des Deutschen: Grammatik und Fachdidaktik","og_description":"Erfahre auf dieser Seite alles rundum den Datenschutz auf der Seite Grammatik am Institut f\u00fcr Sprache, Literatur und Kultur.","og_url":"https:\/\/grammatik.islk.kuwi.tu-dortmund.de\/index.php\/datenschutzerklaerung\/","og_site_name":"Linguistik des Deutschen: Grammatik und Fachdidaktik","article_modified_time":"2023-06-14T12:37:31+00:00","twitter_card":"summary_large_image","schema":{"@context":"https:\/\/schema.org","@graph":[{"@type":"WebPage","@id":"https:\/\/grammatik.islk.kuwi.tu-dortmund.de\/index.php\/datenschutzerklaerung\/","url":"https:\/\/grammatik.islk.kuwi.tu-dortmund.de\/index.php\/datenschutzerklaerung\/","name":"Datenschutzerkl\u00e4rung - Linguistik des Deutschen: Grammatik und Fachdidaktik","isPartOf":{"@id":"https:\/\/grammatik.islk.kuwi.tu-dortmund.de\/#website"},"datePublished":"2023-06-12T09:12:57+00:00","dateModified":"2023-06-14T12:37:31+00:00","description":"Erfahre auf dieser Seite alles rundum den Datenschutz auf der Seite Grammatik am Institut f\u00fcr Sprache, Literatur und Kultur.","breadcrumb":{"@id":"https:\/\/grammatik.islk.kuwi.tu-dortmund.de\/index.php\/datenschutzerklaerung\/#breadcrumb"},"inLanguage":"de","potentialAction":[{"@type":"ReadAction","target":["https:\/\/grammatik.islk.kuwi.tu-dortmund.de\/index.php\/datenschutzerklaerung\/"]}]},{"@type":"BreadcrumbList","@id":"https:\/\/grammatik.islk.kuwi.tu-dortmund.de\/index.php\/datenschutzerklaerung\/#breadcrumb","itemListElement":[{"@type":"ListItem","position":1,"name":"Startseite","item":"https:\/\/grammatik.islk.kuwi.tu-dortmund.de\/"},{"@type":"ListItem","position":2,"name":"Datenschutzerkl\u00e4rung"}]},{"@type":"WebSite","@id":"https:\/\/grammatik.islk.kuwi.tu-dortmund.de\/#website","url":"https:\/\/grammatik.islk.kuwi.tu-dortmund.de\/","name":"Linguistik des Deutschen: Grammatik und Fachdidaktik","description":"Eine Seite rundum Sprachreflexion","potentialAction":[{"@type":"SearchAction","target":{"@type":"EntryPoint","urlTemplate":"https:\/\/grammatik.islk.kuwi.tu-dortmund.de\/?s={search_term_string}"},"query-input":{"@type":"PropertyValueSpecification","valueRequired":true,"valueName":"search_term_string"}}],"inLanguage":"de"}]}},"_links":{"self":[{"href":"https:\/\/grammatik.islk.kuwi.tu-dortmund.de\/index.php\/wp-json\/wp\/v2\/pages\/15","targetHints":{"allow":["GET"]}}],"collection":[{"href":"https:\/\/grammatik.islk.kuwi.tu-dortmund.de\/index.php\/wp-json\/wp\/v2\/pages"}],"about":[{"href":"https:\/\/grammatik.islk.kuwi.tu-dortmund.de\/index.php\/wp-json\/wp\/v2\/types\/page"}],"author":[{"embeddable":true,"href":"https:\/\/grammatik.islk.kuwi.tu-dortmund.de\/index.php\/wp-json\/wp\/v2\/users\/6"}],"replies":[{"embeddable":true,"href":"https:\/\/grammatik.islk.kuwi.tu-dortmund.de\/index.php\/wp-json\/wp\/v2\/comments?post=15"}],"version-history":[{"count":10,"href":"https:\/\/grammatik.islk.kuwi.tu-dortmund.de\/index.php\/wp-json\/wp\/v2\/pages\/15\/revisions"}],"predecessor-version":[{"id":123,"href":"https:\/\/grammatik.islk.kuwi.tu-dortmund.de\/index.php\/wp-json\/wp\/v2\/pages\/15\/revisions\/123"}],"wp:attachment":[{"href":"https:\/\/grammatik.islk.kuwi.tu-dortmund.de\/index.php\/wp-json\/wp\/v2\/media?parent=15"}],"curies":[{"name":"wp","href":"https:\/\/api.w.org\/{rel}","templated":true}]}}