{"id":133,"date":"2023-06-14T12:36:52","date_gmt":"2023-06-14T12:36:52","guid":{"rendered":"https:\/\/grammatik.islk.kuwi.tu-dortmund.de\/?page_id=133"},"modified":"2023-06-14T12:36:52","modified_gmt":"2023-06-14T12:36:52","slug":"anregungen","status":"publish","type":"page","link":"https:\/\/grammatik.islk.kuwi.tu-dortmund.de\/index.php\/anregungen\/","title":{"rendered":"Anregungen"},"content":{"rendered":"\n<div class=\"wp-block-contact-form-7-contact-form-selector\">\n<div class=\"wpcf7 no-js\" id=\"wpcf7-f5-o1\" lang=\"de-DE\" dir=\"ltr\" data-wpcf7-id=\"5\">\n<div class=\"screen-reader-response\"><p role=\"status\" aria-live=\"polite\" aria-atomic=\"true\"><\/p> <ul><\/ul><\/div>\n<form action=\"\/index.php\/wp-json\/wp\/v2\/pages\/133#wpcf7-f5-o1\" method=\"post\" class=\"wpcf7-form init\" aria-label=\"Kontaktformular\" novalidate=\"novalidate\" data-status=\"init\">\n<fieldset class=\"hidden-fields-container\"><input type=\"hidden\" name=\"_wpcf7\" value=\"5\" \/><input type=\"hidden\" name=\"_wpcf7_version\" value=\"6.1.5\" \/><input type=\"hidden\" name=\"_wpcf7_locale\" value=\"de_DE\" \/><input type=\"hidden\" name=\"_wpcf7_unit_tag\" value=\"wpcf7-f5-o1\" \/><input type=\"hidden\" name=\"_wpcf7_container_post\" value=\"0\" \/><input type=\"hidden\" name=\"_wpcf7_posted_data_hash\" value=\"\" \/>\n<\/fieldset>\n<p><label> Dein Name<br \/>\n<span class=\"wpcf7-form-control-wrap\" data-name=\"your-name\"><input size=\"40\" maxlength=\"400\" class=\"wpcf7-form-control wpcf7-text wpcf7-validates-as-required\" autocomplete=\"name\" aria-required=\"true\" aria-invalid=\"false\" value=\"\" type=\"text\" name=\"your-name\" \/><\/span> <\/label>\n<\/p>\n<p><label> Deine E-Mail-Adresse<br \/>\n<span class=\"wpcf7-form-control-wrap\" data-name=\"your-email\"><input size=\"40\" maxlength=\"400\" class=\"wpcf7-form-control wpcf7-email wpcf7-validates-as-required wpcf7-text wpcf7-validates-as-email\" autocomplete=\"email\" aria-required=\"true\" aria-invalid=\"false\" value=\"\" type=\"email\" name=\"your-email\" \/><\/span> <\/label>\n<\/p>\n<p><label> Betreff<br \/>\n<span class=\"wpcf7-form-control-wrap\" data-name=\"your-subject\"><input size=\"40\" maxlength=\"400\" class=\"wpcf7-form-control wpcf7-text wpcf7-validates-as-required\" aria-required=\"true\" aria-invalid=\"false\" value=\"\" type=\"text\" name=\"your-subject\" \/><\/span> <\/label>\n<\/p>\n<p><label> Deine Nachricht (optional)<br \/>\n<span class=\"wpcf7-form-control-wrap\" data-name=\"your-message\"><textarea cols=\"40\" rows=\"10\" maxlength=\"2000\" class=\"wpcf7-form-control wpcf7-textarea\" aria-invalid=\"false\" name=\"your-message\"><\/textarea><\/span> <\/label><br \/>\n<label><br \/>\n<span class=\"wpcf7-form-control-wrap\" data-name=\"Datenschutz\"><span class=\"wpcf7-form-control wpcf7-acceptance\"><span class=\"wpcf7-list-item\"><input type=\"checkbox\" name=\"Datenschutz\" value=\"1\" aria-invalid=\"false\" \/><\/span><\/span><\/span> Ich habe die Datenschutzerkl\u00e4rung gelesen und akzeptiere die bestimmungsgem\u00e4\u00dfe Verarbeitung der eingegebenen Daten.<br \/>\nIhre Angaben werden ausschlie\u00dflich innerhalb der TU Dortmund f\u00fcr die Beantwortung Ihrer Fragen und Anliegen verwendet. Ihre Daten werden gel\u00f6scht, sobald das Anliegen gekl\u00e4rt ist. Mit dem Absenden des Formulars wird Ihre Anfrage zur Erf\u00fcllung der Aufgaben der TU Dortmund verarbeitet (Art. 6 Abs. 1 lit. e DSGVO).<br \/>\nDen Link zu unserer Datenschutzerkl\u00e4rung mit weiteren Angaben zum Datenschutz finden Sie unten auf der Seite. <\/label>\n<\/p>\n<p><input class=\"wpcf7-form-control wpcf7-submit has-spinner\" type=\"submit\" value=\"Senden\" \/>\n<\/p><div class=\"wpcf7-response-output\" aria-hidden=\"true\"><\/div>\n<\/form>\n<\/div>\n<\/div>\n","protected":false},"excerpt":{"rendered":"","protected":false},"author":6,"featured_media":0,"parent":0,"menu_order":0,"comment_status":"closed","ping_status":"closed","template":"","meta":{"footnotes":""},"class_list":["post-133","page","type-page","status-publish","hentry"],"yoast_head":"<!-- This site is optimized with the Yoast SEO plugin v27.3 - https:\/\/yoast.com\/product\/yoast-seo-wordpress\/ -->\n<title>Anregungen - Linguistik des Deutschen: Grammatik und Fachdidaktik<\/title>\n<meta name=\"robots\" content=\"index, follow, max-snippet:-1, max-image-preview:large, max-video-preview:-1\" \/>\n<link rel=\"canonical\" href=\"https:\/\/grammatik.islk.kuwi.tu-dortmund.de\/index.php\/anregungen\/\" \/>\n<meta property=\"og:locale\" content=\"de_DE\" \/>\n<meta property=\"og:type\" content=\"article\" \/>\n<meta property=\"og:title\" content=\"Anregungen - Linguistik des Deutschen: Grammatik und Fachdidaktik\" \/>\n<meta property=\"og:url\" content=\"https:\/\/grammatik.islk.kuwi.tu-dortmund.de\/index.php\/anregungen\/\" \/>\n<meta property=\"og:site_name\" content=\"Linguistik des Deutschen: Grammatik und Fachdidaktik\" \/>\n<meta name=\"twitter:card\" content=\"summary_large_image\" \/>\n<meta name=\"twitter:label1\" content=\"Gesch\u00e4tzte Lesezeit\" \/>\n\t<meta name=\"twitter:data1\" content=\"1\u00a0Minute\" \/>\n<script type=\"application\/ld+json\" class=\"yoast-schema-graph\">{\"@context\":\"https:\\\/\\\/schema.org\",\"@graph\":[{\"@type\":\"WebPage\",\"@id\":\"https:\\\/\\\/grammatik.islk.kuwi.tu-dortmund.de\\\/index.php\\\/anregungen\\\/\",\"url\":\"https:\\\/\\\/grammatik.islk.kuwi.tu-dortmund.de\\\/index.php\\\/anregungen\\\/\",\"name\":\"Anregungen - Linguistik des Deutschen: Grammatik und Fachdidaktik\",\"isPartOf\":{\"@id\":\"https:\\\/\\\/grammatik.islk.kuwi.tu-dortmund.de\\\/#website\"},\"datePublished\":\"2023-06-14T12:36:52+00:00\",\"breadcrumb\":{\"@id\":\"https:\\\/\\\/grammatik.islk.kuwi.tu-dortmund.de\\\/index.php\\\/anregungen\\\/#breadcrumb\"},\"inLanguage\":\"de\",\"potentialAction\":[{\"@type\":\"ReadAction\",\"target\":[\"https:\\\/\\\/grammatik.islk.kuwi.tu-dortmund.de\\\/index.php\\\/anregungen\\\/\"]}]},{\"@type\":\"BreadcrumbList\",\"@id\":\"https:\\\/\\\/grammatik.islk.kuwi.tu-dortmund.de\\\/index.php\\\/anregungen\\\/#breadcrumb\",\"itemListElement\":[{\"@type\":\"ListItem\",\"position\":1,\"name\":\"Startseite\",\"item\":\"https:\\\/\\\/grammatik.islk.kuwi.tu-dortmund.de\\\/\"},{\"@type\":\"ListItem\",\"position\":2,\"name\":\"Anregungen\"}]},{\"@type\":\"WebSite\",\"@id\":\"https:\\\/\\\/grammatik.islk.kuwi.tu-dortmund.de\\\/#website\",\"url\":\"https:\\\/\\\/grammatik.islk.kuwi.tu-dortmund.de\\\/\",\"name\":\"Linguistik des Deutschen: Grammatik und Fachdidaktik\",\"description\":\"Eine Seite rundum Sprachreflexion\",\"potentialAction\":[{\"@type\":\"SearchAction\",\"target\":{\"@type\":\"EntryPoint\",\"urlTemplate\":\"https:\\\/\\\/grammatik.islk.kuwi.tu-dortmund.de\\\/?s={search_term_string}\"},\"query-input\":{\"@type\":\"PropertyValueSpecification\",\"valueRequired\":true,\"valueName\":\"search_term_string\"}}],\"inLanguage\":\"de\"}]}<\/script>\n<!-- \/ Yoast SEO plugin. -->","yoast_head_json":{"title":"Anregungen - Linguistik des Deutschen: Grammatik und Fachdidaktik","robots":{"index":"index","follow":"follow","max-snippet":"max-snippet:-1","max-image-preview":"max-image-preview:large","max-video-preview":"max-video-preview:-1"},"canonical":"https:\/\/grammatik.islk.kuwi.tu-dortmund.de\/index.php\/anregungen\/","og_locale":"de_DE","og_type":"article","og_title":"Anregungen - Linguistik des Deutschen: Grammatik und Fachdidaktik","og_url":"https:\/\/grammatik.islk.kuwi.tu-dortmund.de\/index.php\/anregungen\/","og_site_name":"Linguistik des Deutschen: Grammatik und Fachdidaktik","twitter_card":"summary_large_image","twitter_misc":{"Gesch\u00e4tzte Lesezeit":"1\u00a0Minute"},"schema":{"@context":"https:\/\/schema.org","@graph":[{"@type":"WebPage","@id":"https:\/\/grammatik.islk.kuwi.tu-dortmund.de\/index.php\/anregungen\/","url":"https:\/\/grammatik.islk.kuwi.tu-dortmund.de\/index.php\/anregungen\/","name":"Anregungen - Linguistik des Deutschen: Grammatik und Fachdidaktik","isPartOf":{"@id":"https:\/\/grammatik.islk.kuwi.tu-dortmund.de\/#website"},"datePublished":"2023-06-14T12:36:52+00:00","breadcrumb":{"@id":"https:\/\/grammatik.islk.kuwi.tu-dortmund.de\/index.php\/anregungen\/#breadcrumb"},"inLanguage":"de","potentialAction":[{"@type":"ReadAction","target":["https:\/\/grammatik.islk.kuwi.tu-dortmund.de\/index.php\/anregungen\/"]}]},{"@type":"BreadcrumbList","@id":"https:\/\/grammatik.islk.kuwi.tu-dortmund.de\/index.php\/anregungen\/#breadcrumb","itemListElement":[{"@type":"ListItem","position":1,"name":"Startseite","item":"https:\/\/grammatik.islk.kuwi.tu-dortmund.de\/"},{"@type":"ListItem","position":2,"name":"Anregungen"}]},{"@type":"WebSite","@id":"https:\/\/grammatik.islk.kuwi.tu-dortmund.de\/#website","url":"https:\/\/grammatik.islk.kuwi.tu-dortmund.de\/","name":"Linguistik des Deutschen: Grammatik und Fachdidaktik","description":"Eine Seite rundum Sprachreflexion","potentialAction":[{"@type":"SearchAction","target":{"@type":"EntryPoint","urlTemplate":"https:\/\/grammatik.islk.kuwi.tu-dortmund.de\/?s={search_term_string}"},"query-input":{"@type":"PropertyValueSpecification","valueRequired":true,"valueName":"search_term_string"}}],"inLanguage":"de"}]}},"_links":{"self":[{"href":"https:\/\/grammatik.islk.kuwi.tu-dortmund.de\/index.php\/wp-json\/wp\/v2\/pages\/133","targetHints":{"allow":["GET"]}}],"collection":[{"href":"https:\/\/grammatik.islk.kuwi.tu-dortmund.de\/index.php\/wp-json\/wp\/v2\/pages"}],"about":[{"href":"https:\/\/grammatik.islk.kuwi.tu-dortmund.de\/index.php\/wp-json\/wp\/v2\/types\/page"}],"author":[{"embeddable":true,"href":"https:\/\/grammatik.islk.kuwi.tu-dortmund.de\/index.php\/wp-json\/wp\/v2\/users\/6"}],"replies":[{"embeddable":true,"href":"https:\/\/grammatik.islk.kuwi.tu-dortmund.de\/index.php\/wp-json\/wp\/v2\/comments?post=133"}],"version-history":[{"count":3,"href":"https:\/\/grammatik.islk.kuwi.tu-dortmund.de\/index.php\/wp-json\/wp\/v2\/pages\/133\/revisions"}],"predecessor-version":[{"id":141,"href":"https:\/\/grammatik.islk.kuwi.tu-dortmund.de\/index.php\/wp-json\/wp\/v2\/pages\/133\/revisions\/141"}],"wp:attachment":[{"href":"https:\/\/grammatik.islk.kuwi.tu-dortmund.de\/index.php\/wp-json\/wp\/v2\/media?parent=133"}],"curies":[{"name":"wp","href":"https:\/\/api.w.org\/{rel}","templated":true}]}}